{"id":2953,"date":"2025-08-04T13:38:09","date_gmt":"2025-08-04T11:38:09","guid":{"rendered":"https:\/\/palaucars.compsaonline.cat\/serveis\/cursos-de-formacio-en-mecanica-de-restauracio\/"},"modified":"2025-08-29T10:23:51","modified_gmt":"2025-08-29T08:23:51","slug":"cursos-de-formacio-en-mecanica-de-restauracio","status":"publish","type":"page","link":"https:\/\/palaucars.net\/ca\/serveis\/cursos-de-formacio-en-mecanica-de-restauracio\/","title":{"rendered":"Cursos de formaci\u00f3 en mec\u00e0nica de restauraci\u00f3"},"content":{"rendered":"<p><div class=\"fusion-fullwidth fullwidth-box fusion-builder-row-1 fusion-flex-container has-pattern-background has-mask-background nonhundred-percent-fullwidth non-hundred-percent-height-scrolling\" style=\"--awb-border-radius-top-left:0px;--awb-border-radius-top-right:0px;--awb-border-radius-bottom-right:0px;--awb-border-radius-bottom-left:0px;--awb-padding-bottom:80px;--awb-flex-wrap:wrap;\" ><div class=\"fusion-builder-row fusion-row fusion-flex-align-items-flex-start fusion-flex-content-wrap\" style=\"max-width:1248px;margin-left: calc(-4% \/ 2 );margin-right: calc(-4% \/ 2 );\"><div class=\"fusion-layout-column fusion_builder_column fusion-builder-column-0 fusion_builder_column_1_1 1_1 fusion-flex-column\" style=\"--awb-padding-top:56px;--awb-padding-right:110px;--awb-padding-bottom:80px;--awb-padding-left:110px;--awb-bg-color:var(--awb-color1);--awb-bg-color-hover:var(--awb-color1);--awb-bg-size:cover;--awb-width-large:100%;--awb-margin-top-large:-100px;--awb-spacing-right-large:1.92%;--awb-margin-bottom-large:0px;--awb-spacing-left-large:1.92%;--awb-width-medium:100%;--awb-order-medium:0;--awb-spacing-right-medium:1.92%;--awb-spacing-left-medium:1.92%;--awb-width-small:100%;--awb-order-small:0;--awb-spacing-right-small:1.92%;--awb-spacing-left-small:1.92%;\"><div class=\"fusion-column-wrapper fusion-column-has-shadow fusion-flex-justify-content-flex-start fusion-content-layout-column\"><div class=\"fusion-title title fusion-title-1 fusion-sep-none fusion-title-center fusion-title-text fusion-title-size-two\" style=\"--awb-font-size:30px;\"><h2 class=\"fusion-title-heading title-heading-center\" style=\"margin:0;font-size:1em;text-transform:none;\">Cursos especialitzats de formaci\u00f3 en mec\u00e0nica de restauraci\u00f3 per a vehicles cl\u00e0ssics i de col\u00b7lecci\u00f3<\/h2><\/div><\/div><\/div><div class=\"fusion-layout-column fusion_builder_column fusion-builder-column-1 fusion-flex-column fusion-flex-align-self-center\" style=\"--awb-bg-size:cover;--awb-width-large:66%;--awb-spacing-right-large:2.9090909090909%;--awb-margin-bottom-large:0px;--awb-spacing-left-large:2.9090909090909%;--awb-width-medium:66%;--awb-order-medium:0;--awb-spacing-right-medium:2.9090909090909%;--awb-spacing-left-medium:2.9090909090909%;--awb-width-small:100%;--awb-order-small:0;--awb-spacing-right-small:1.92%;--awb-spacing-left-small:1.92%;\"><div class=\"fusion-column-wrapper fusion-column-has-shadow fusion-flex-justify-content-flex-start fusion-content-layout-column\"><div class=\"fusion-image-element \" style=\"--awb-aspect-ratio: 100 \/ 70;--awb-object-position:42% 29%;--awb-caption-title-font-family:var(--h2_typography-font-family);--awb-caption-title-font-weight:var(--h2_typography-font-weight);--awb-caption-title-font-style:var(--h2_typography-font-style);--awb-caption-title-size:var(--h2_typography-font-size);--awb-caption-title-transform:var(--h2_typography-text-transform);--awb-caption-title-line-height:var(--h2_typography-line-height);--awb-caption-title-letter-spacing:var(--h2_typography-letter-spacing);\"><span class=\" fusion-imageframe imageframe-none imageframe-1 hover-type-none has-aspect-ratio\"><img decoding=\"async\" width=\"2560\" height=\"1707\" alt=\"Alfa Romeo Giulietta siendo reparado en uno de nuestros c\" title=\"alfa-romeo-giulietta-06\" src=\"https:\/\/palaucars.net\/wp-content\/uploads\/2025\/07\/alfa-romeo-giulietta-06.jpeg\" class=\"img-responsive wp-image-2917 img-with-aspect-ratio\" data-parent-fit=\"cover\" data-parent-container=\".fusion-image-element\" srcset=\"https:\/\/palaucars.net\/wp-content\/uploads\/2025\/07\/alfa-romeo-giulietta-06-200x133.jpeg 200w, https:\/\/palaucars.net\/wp-content\/uploads\/2025\/07\/alfa-romeo-giulietta-06-400x267.jpeg 400w, https:\/\/palaucars.net\/wp-content\/uploads\/2025\/07\/alfa-romeo-giulietta-06-600x400.jpeg 600w, https:\/\/palaucars.net\/wp-content\/uploads\/2025\/07\/alfa-romeo-giulietta-06-800x533.jpeg 800w, https:\/\/palaucars.net\/wp-content\/uploads\/2025\/07\/alfa-romeo-giulietta-06-1200x800.jpeg 1200w, https:\/\/palaucars.net\/wp-content\/uploads\/2025\/07\/alfa-romeo-giulietta-06.jpeg 2560w\" sizes=\"(max-width: 810px) 100vw, 800px\" \/><\/span><\/div><\/div><\/div><div class=\"fusion-layout-column fusion_builder_column fusion-builder-column-2 fusion-flex-column fusion-flex-align-self-center\" style=\"--awb-z-index:9999;--awb-padding-top:56px;--awb-padding-right:48px;--awb-padding-bottom:56px;--awb-padding-left:48px;--awb-bg-color:var(--awb-color1);--awb-bg-color-hover:var(--awb-color1);--awb-bg-size:cover;--awb-box-shadow:10px 10px 25px 5px hsla(var(--awb-color8-h),var(--awb-color8-s),var(--awb-color8-l),calc(var(--awb-color8-a) - 90%));;--awb-border-color:var(--awb-color4);--awb-border-color-hover:var(--awb-custom_color_3);--awb-border-top:0px;--awb-border-right:0px;--awb-border-bottom:0px;--awb-border-left:4px;--awb-border-style:solid;--awb-width-large:34%;--awb-spacing-right-large:5.6470588235294%;--awb-margin-bottom-large:0px;--awb-spacing-left-large:-80px;--awb-width-medium:34%;--awb-order-medium:0;--awb-spacing-right-medium:5.6470588235294%;--awb-spacing-left-medium:0px;--awb-width-small:100%;--awb-order-small:0;--awb-spacing-right-small:1.92%;--awb-spacing-left-small:1.92%;\"><div class=\"fusion-column-wrapper fusion-column-has-shadow fusion-flex-justify-content-flex-start fusion-content-layout-column\"><div class=\"fusion-title title fusion-title-2 fusion-sep-none fusion-title-text fusion-title-size-three\" style=\"--awb-margin-top:0px;--awb-margin-bottom:8px;--awb-font-size:25px;\"><h3 class=\"fusion-title-heading title-heading-left\" style=\"margin:0;font-size:1em;\">Formaci\u00f3 amb passi\u00f3<\/h3><\/div><div class=\"fusion-text fusion-text-1 fusion-text-no-margin\" style=\"--awb-margin-bottom:0px;\"><p>Domina les t\u00e8cniques de restauraci\u00f3 amb els nostres cursos pr\u00e0ctics i te\u00f2rics, guiats per experts que comparteixen la seva experi\u00e8ncia i amor pels cl\u00e0ssics.<\/p>\n<\/div><\/div><\/div><\/div><\/div><div class=\"fusion-fullwidth fullwidth-box fusion-builder-row-2 fusion-flex-container has-pattern-background has-mask-background nonhundred-percent-fullwidth non-hundred-percent-height-scrolling\" style=\"--awb-border-radius-top-left:0px;--awb-border-radius-top-right:0px;--awb-border-radius-bottom-right:0px;--awb-border-radius-bottom-left:0px;--awb-padding-bottom:80px;--awb-flex-wrap:wrap;\" ><div class=\"fusion-builder-row fusion-row fusion-flex-align-items-flex-start fusion-flex-content-wrap\" style=\"max-width:1248px;margin-left: calc(-4% \/ 2 );margin-right: calc(-4% \/ 2 );\"><div class=\"fusion-layout-column fusion_builder_column fusion-builder-column-3 fusion_builder_column_1_1 1_1 fusion-flex-column\" style=\"--awb-padding-bottom:24px;--awb-bg-size:cover;--awb-width-large:100%;--awb-spacing-right-large:1.92%;--awb-margin-bottom-large:0px;--awb-spacing-left-large:1.92%;--awb-width-medium:100%;--awb-order-medium:0;--awb-spacing-right-medium:1.92%;--awb-spacing-left-medium:1.92%;--awb-width-small:100%;--awb-order-small:0;--awb-spacing-right-small:1.92%;--awb-spacing-left-small:1.92%;\"><div class=\"fusion-column-wrapper fusion-column-has-shadow fusion-flex-justify-content-flex-start fusion-content-layout-column\"><div class=\"fusion-text fusion-text-2\"><p>A Palau Cars impartim cursos especialitzats dissenyats per a aquells que volen adquirir o perfeccionar coneixements en mec\u00e0nica de restauraci\u00f3 aplicada a vehicles cl\u00e0ssics i de col\u00b7lecci\u00f3. Els nostres programes combinen teoria i pr\u00e0ctica en un entorn professional, amb instructors altament qualificats que aporten anys d\u2019experi\u00e8ncia en la restauraci\u00f3 integral d\u2019autom\u00f2bils hist\u00f2rics.<\/p>\n<p>Els cursos estan orientats tant a aficionats amb passi\u00f3 pels cotxes cl\u00e0ssics com a professionals del sector que busquen ampliar les seves compet\u00e8ncies t\u00e8cniques. Durant la formaci\u00f3, els participants aprendran a identificar peces originals, aplicar t\u00e8cniques de desmuntatge, reparaci\u00f3 i muntatge, i utilitzar eines espec\u00edfiques per preservar l\u2019autenticitat i el valor hist\u00f2ric de cada vehicle.<\/p>\n<p>Amb un enfocament pr\u00e0ctic i personalitzat, aquests cursos permeten als alumnes desenvolupar habilitats reals que els preparen per intervenir en projectes de restauraci\u00f3 amb garantia i precisi\u00f3.<\/p>\n<p data-start=\"729\" data-end=\"1162\">Cada esdeveniment que gestionem \u00e9s una oportunitat per retre homenatge a la hist\u00f2ria de l\u2019autom\u00f2bil, creant espais on se celebra l\u2019eleg\u00e0ncia, l\u2019enginyeria i l\u2019emoci\u00f3 de conduir vehicles amb \u00e0nima. Coordinen tots els aspectes t\u00e8cnics i log\u00edstics, des de la selecci\u00f3 de vehicles fins a l\u2019ambientaci\u00f3, el transport i l\u2019assist\u00e8ncia al lloc de l\u2019esdeveniment, garantint sempre un resultat impecable i una experi\u00e8ncia memorable.<\/p>\n<p data-start=\"1164\" data-end=\"1330\">Ja sigui una exposici\u00f3 est\u00e0tica, un esdeveniment corporatiu o una ruta de vehicles cl\u00e0ssics, el nostre equip converteix la teva visi\u00f3 en una realitat que emociona i deixa empremta.<\/p>\n<\/div><\/div><\/div><div class=\"fusion-layout-column fusion_builder_column fusion-builder-column-4 fusion_builder_column_1_1 1_1 fusion-flex-column fusion-animated\" style=\"--awb-bg-color-hover:hsla(var(--awb-color4-h),var(--awb-color4-s),var(--awb-color4-l),calc(var(--awb-color4-a) - 75%));--awb-bg-image:linear-gradient(180deg, var(--awb-color4) 0%,rgba(245,240,225,0.82) 100%),url(https:\/\/palaucars.net\/wp-content\/uploads\/2025\/07\/bg-qui-som-palau-cars-01.jpg);;--awb-bg-position:center center;--awb-bg-size:cover;--awb-width-large:100%;--awb-spacing-right-large:1.92%;--awb-margin-bottom-large:0px;--awb-spacing-left-large:1.92%;--awb-width-medium:100%;--awb-order-medium:0;--awb-spacing-right-medium:1.92%;--awb-spacing-left-medium:1.92%;--awb-width-small:100%;--awb-order-small:0;--awb-spacing-right-small:1.92%;--awb-spacing-left-small:1.92%;\" data-animationType=\"fadeInUp\" data-animationDuration=\"1.4\" data-animationOffset=\"top-into-view\"><div class=\"fusion-column-wrapper fusion-column-has-shadow fusion-flex-justify-content-flex-start fusion-content-layout-column fusion-column-has-bg-image\" data-bg-url=\"https:\/\/palaucars.net\/wp-content\/uploads\/2025\/07\/bg-qui-som-palau-cars-01.jpg\"><div class=\"fusion-builder-row fusion-builder-row-inner fusion-row fusion-flex-align-items-flex-start fusion-flex-content-wrap\" style=\"width:104% !important;max-width:104% !important;margin-left: calc(-4% \/ 2 );margin-right: calc(-4% \/ 2 );\"><div class=\"fusion-layout-column fusion_builder_column_inner fusion-builder-nested-column-0 fusion_builder_column_inner_2_3 2_3 fusion-flex-column\" style=\"--awb-padding-top:40px;--awb-padding-right:80px;--awb-padding-bottom:40px;--awb-padding-left:80px;--awb-bg-size:cover;--awb-width-large:66.666666666667%;--awb-spacing-right-large:2.88%;--awb-margin-bottom-large:0px;--awb-spacing-left-large:2.88%;--awb-width-medium:100%;--awb-order-medium:0;--awb-spacing-right-medium:1.92%;--awb-spacing-left-medium:1.92%;--awb-width-small:100%;--awb-order-small:0;--awb-spacing-right-small:1.92%;--awb-spacing-left-small:1.92%;\"><div class=\"fusion-column-wrapper fusion-column-has-shadow fusion-flex-justify-content-flex-start fusion-content-layout-column\"><div class=\"fusion-title title fusion-title-3 fusion-sep-none fusion-title-text fusion-title-size-four\"><h4 class=\"fusion-title-heading title-heading-left md-text-align-center sm-text-align-center\" style=\"margin:0;\">Transforma la teva passi\u00f3 en habilitat professional, apunta-t\u2019hi ara!<\/h4><\/div><\/div><\/div><div class=\"fusion-layout-column fusion_builder_column_inner fusion-builder-nested-column-1 fusion_builder_column_inner_1_3 1_3 fusion-flex-column fusion-flex-align-self-center\" style=\"--awb-padding-right:80px;--awb-padding-right-medium:0px;--awb-bg-size:cover;--awb-width-large:33.333333333333%;--awb-spacing-right-large:5.76%;--awb-margin-bottom-large:0px;--awb-spacing-left-large:5.76%;--awb-width-medium:100%;--awb-order-medium:0;--awb-spacing-right-medium:1.92%;--awb-spacing-left-medium:1.92%;--awb-width-small:100%;--awb-order-small:0;--awb-spacing-right-small:1.92%;--awb-spacing-left-small:1.92%;\"><div class=\"fusion-column-wrapper fusion-column-has-shadow fusion-flex-justify-content-flex-start fusion-content-layout-column\"><div class=\"md-text-align-center\"><a class=\"fusion-button button-flat fusion-button-default-size button-custom fusion-button-default button-1 fusion-button-span-yes fusion-button-default-type\" style=\"--button_accent_color:var(--awb-color1);--button_accent_hover_color:var(--awb-color1);--button_border_hover_color:var(--awb-color1);--button_gradient_top_color:var(--awb-custom_color_3);--button_gradient_bottom_color:var(--awb-custom_color_3);--button_gradient_top_color_hover:hsla(var(--awb-custom_color_1-h),var(--awb-custom_color_1-s),calc(var(--awb-custom_color_1-l) + 10%),var(--awb-custom_color_1-a));--button_gradient_bottom_color_hover:hsla(var(--awb-custom_color_1-h),var(--awb-custom_color_1-s),calc(var(--awb-custom_color_1-l) + 10%),var(--awb-custom_color_1-a));--button_padding-top:24px;--button_padding-bottom:26px;\" target=\"_self\" data-hover=\"text_slide_up\" href=\"https:\/\/palaucars.net\/ca\/contacte\/\"><div class=\"awb-button-text-transition  awb-button__hover-content--centered\"><span class=\"fusion-button-text awb-button__text awb-button__text--default\">Contactar<\/span><span class=\"fusion-button-text awb-button__text awb-button__text--default\">Contactar<\/span><\/div><\/a><\/div><\/div><\/div><\/div><\/div><\/div><\/div><\/div><\/p>\n","protected":false},"excerpt":{"rendered":"","protected":false},"author":1,"featured_media":2917,"parent":2941,"menu_order":0,"comment_status":"closed","ping_status":"closed","template":"100-width.php","meta":{"footnotes":""},"class_list":["post-2953","page","type-page","status-publish","has-post-thumbnail","hentry"],"yoast_head":"<!-- This site is optimized with the Yoast SEO plugin v26.0 - https:\/\/yoast.com\/wordpress\/plugins\/seo\/ -->\n<title>Cursos de formaci\u00f3 en mec\u00e0nica de restauraci\u00f3 - Palau Cars<\/title>\n<meta name=\"description\" content=\"Cursos especialitzats de formaci\u00f3 en mec\u00e0nica de restauraci\u00f3 per a vehicles cl\u00e0ssics i de col\u00b7lecci\u00f3. Cursos pr\u00e0ctics i te\u00f2rics.\" \/>\n<meta name=\"robots\" content=\"index, follow, max-snippet:-1, max-image-preview:large, max-video-preview:-1\" \/>\n<link rel=\"canonical\" href=\"https:\/\/palaucars.net\/ca\/serveis\/cursos-de-formacio-en-mecanica-de-restauracio\/\" \/>\n<meta property=\"og:locale\" content=\"ca_ES\" \/>\n<meta property=\"og:type\" content=\"article\" \/>\n<meta property=\"og:title\" content=\"Cursos de formaci\u00f3 en mec\u00e0nica de restauraci\u00f3 - Palau Cars\" \/>\n<meta property=\"og:description\" content=\"Cursos especialitzats de formaci\u00f3 en mec\u00e0nica de restauraci\u00f3 per a vehicles cl\u00e0ssics i de col\u00b7lecci\u00f3. Cursos pr\u00e0ctics i te\u00f2rics.\" \/>\n<meta property=\"og:url\" content=\"https:\/\/palaucars.net\/ca\/serveis\/cursos-de-formacio-en-mecanica-de-restauracio\/\" \/>\n<meta property=\"og:site_name\" content=\"Palau Cars\" \/>\n<meta property=\"article:modified_time\" content=\"2025-08-29T08:23:51+00:00\" \/>\n<meta property=\"og:image\" content=\"https:\/\/palaucars.net\/wp-content\/uploads\/2025\/07\/alfa-romeo-giulietta-06.jpeg\" \/>\n\t<meta property=\"og:image:width\" content=\"2560\" \/>\n\t<meta property=\"og:image:height\" content=\"1707\" \/>\n\t<meta property=\"og:image:type\" content=\"image\/jpeg\" \/>\n<meta name=\"twitter:card\" content=\"summary_large_image\" \/>\n<meta name=\"twitter:label1\" content=\"Temps estimat de lectura\" \/>\n\t<meta name=\"twitter:data1\" content=\"2 minuts\" \/>\n<script type=\"application\/ld+json\" class=\"yoast-schema-graph\">{\"@context\":\"https:\/\/schema.org\",\"@graph\":[{\"@type\":\"WebPage\",\"@id\":\"https:\/\/palaucars.net\/ca\/serveis\/cursos-de-formacio-en-mecanica-de-restauracio\/\",\"url\":\"https:\/\/palaucars.net\/ca\/serveis\/cursos-de-formacio-en-mecanica-de-restauracio\/\",\"name\":\"Cursos de formaci\u00f3 en mec\u00e0nica de restauraci\u00f3 - Palau Cars\",\"isPartOf\":{\"@id\":\"https:\/\/palaucars.net\/#website\"},\"primaryImageOfPage\":{\"@id\":\"https:\/\/palaucars.net\/ca\/serveis\/cursos-de-formacio-en-mecanica-de-restauracio\/#primaryimage\"},\"image\":{\"@id\":\"https:\/\/palaucars.net\/ca\/serveis\/cursos-de-formacio-en-mecanica-de-restauracio\/#primaryimage\"},\"thumbnailUrl\":\"https:\/\/palaucars.net\/wp-content\/uploads\/2025\/07\/alfa-romeo-giulietta-06.jpeg\",\"datePublished\":\"2025-08-04T11:38:09+00:00\",\"dateModified\":\"2025-08-29T08:23:51+00:00\",\"description\":\"Cursos especialitzats de formaci\u00f3 en mec\u00e0nica de restauraci\u00f3 per a vehicles cl\u00e0ssics i de col\u00b7lecci\u00f3. Cursos pr\u00e0ctics i te\u00f2rics.\",\"breadcrumb\":{\"@id\":\"https:\/\/palaucars.net\/ca\/serveis\/cursos-de-formacio-en-mecanica-de-restauracio\/#breadcrumb\"},\"inLanguage\":\"ca\",\"potentialAction\":[{\"@type\":\"ReadAction\",\"target\":[\"https:\/\/palaucars.net\/ca\/serveis\/cursos-de-formacio-en-mecanica-de-restauracio\/\"]}]},{\"@type\":\"ImageObject\",\"inLanguage\":\"ca\",\"@id\":\"https:\/\/palaucars.net\/ca\/serveis\/cursos-de-formacio-en-mecanica-de-restauracio\/#primaryimage\",\"url\":\"https:\/\/palaucars.net\/wp-content\/uploads\/2025\/07\/alfa-romeo-giulietta-06.jpeg\",\"contentUrl\":\"https:\/\/palaucars.net\/wp-content\/uploads\/2025\/07\/alfa-romeo-giulietta-06.jpeg\",\"width\":2560,\"height\":1707,\"caption\":\"Alfa Romeo Giulietta siendo reparado en uno de nuestros c\"},{\"@type\":\"BreadcrumbList\",\"@id\":\"https:\/\/palaucars.net\/ca\/serveis\/cursos-de-formacio-en-mecanica-de-restauracio\/#breadcrumb\",\"itemListElement\":[{\"@type\":\"ListItem\",\"position\":1,\"name\":\"Portada\",\"item\":\"https:\/\/palaucars.net\/ca\/\"},{\"@type\":\"ListItem\",\"position\":2,\"name\":\"Serveis\",\"item\":\"https:\/\/palaucars.net\/ca\/serveis\/\"},{\"@type\":\"ListItem\",\"position\":3,\"name\":\"Cursos de formaci\u00f3 en mec\u00e0nica de restauraci\u00f3\"}]},{\"@type\":\"WebSite\",\"@id\":\"https:\/\/palaucars.net\/#website\",\"url\":\"https:\/\/palaucars.net\/\",\"name\":\"Palau Cars\",\"description\":\"Especialistas en mantenimiento, reparaci\u00f3n y restauraci\u00f3n de veh\u00edculos cl\u00e1sicos\",\"potentialAction\":[{\"@type\":\"SearchAction\",\"target\":{\"@type\":\"EntryPoint\",\"urlTemplate\":\"https:\/\/palaucars.net\/?s={search_term_string}\"},\"query-input\":{\"@type\":\"PropertyValueSpecification\",\"valueRequired\":true,\"valueName\":\"search_term_string\"}}],\"inLanguage\":\"ca\"}]}<\/script>\n<!-- \/ Yoast SEO plugin. -->","yoast_head_json":{"title":"Cursos de formaci\u00f3 en mec\u00e0nica de restauraci\u00f3 - Palau Cars","description":"Cursos especialitzats de formaci\u00f3 en mec\u00e0nica de restauraci\u00f3 per a vehicles cl\u00e0ssics i de col\u00b7lecci\u00f3. Cursos pr\u00e0ctics i te\u00f2rics.","robots":{"index":"index","follow":"follow","max-snippet":"max-snippet:-1","max-image-preview":"max-image-preview:large","max-video-preview":"max-video-preview:-1"},"canonical":"https:\/\/palaucars.net\/ca\/serveis\/cursos-de-formacio-en-mecanica-de-restauracio\/","og_locale":"ca_ES","og_type":"article","og_title":"Cursos de formaci\u00f3 en mec\u00e0nica de restauraci\u00f3 - Palau Cars","og_description":"Cursos especialitzats de formaci\u00f3 en mec\u00e0nica de restauraci\u00f3 per a vehicles cl\u00e0ssics i de col\u00b7lecci\u00f3. Cursos pr\u00e0ctics i te\u00f2rics.","og_url":"https:\/\/palaucars.net\/ca\/serveis\/cursos-de-formacio-en-mecanica-de-restauracio\/","og_site_name":"Palau Cars","article_modified_time":"2025-08-29T08:23:51+00:00","og_image":[{"width":2560,"height":1707,"url":"https:\/\/palaucars.net\/wp-content\/uploads\/2025\/07\/alfa-romeo-giulietta-06.jpeg","type":"image\/jpeg"}],"twitter_card":"summary_large_image","twitter_misc":{"Temps estimat de lectura":"2 minuts"},"schema":{"@context":"https:\/\/schema.org","@graph":[{"@type":"WebPage","@id":"https:\/\/palaucars.net\/ca\/serveis\/cursos-de-formacio-en-mecanica-de-restauracio\/","url":"https:\/\/palaucars.net\/ca\/serveis\/cursos-de-formacio-en-mecanica-de-restauracio\/","name":"Cursos de formaci\u00f3 en mec\u00e0nica de restauraci\u00f3 - Palau Cars","isPartOf":{"@id":"https:\/\/palaucars.net\/#website"},"primaryImageOfPage":{"@id":"https:\/\/palaucars.net\/ca\/serveis\/cursos-de-formacio-en-mecanica-de-restauracio\/#primaryimage"},"image":{"@id":"https:\/\/palaucars.net\/ca\/serveis\/cursos-de-formacio-en-mecanica-de-restauracio\/#primaryimage"},"thumbnailUrl":"https:\/\/palaucars.net\/wp-content\/uploads\/2025\/07\/alfa-romeo-giulietta-06.jpeg","datePublished":"2025-08-04T11:38:09+00:00","dateModified":"2025-08-29T08:23:51+00:00","description":"Cursos especialitzats de formaci\u00f3 en mec\u00e0nica de restauraci\u00f3 per a vehicles cl\u00e0ssics i de col\u00b7lecci\u00f3. Cursos pr\u00e0ctics i te\u00f2rics.","breadcrumb":{"@id":"https:\/\/palaucars.net\/ca\/serveis\/cursos-de-formacio-en-mecanica-de-restauracio\/#breadcrumb"},"inLanguage":"ca","potentialAction":[{"@type":"ReadAction","target":["https:\/\/palaucars.net\/ca\/serveis\/cursos-de-formacio-en-mecanica-de-restauracio\/"]}]},{"@type":"ImageObject","inLanguage":"ca","@id":"https:\/\/palaucars.net\/ca\/serveis\/cursos-de-formacio-en-mecanica-de-restauracio\/#primaryimage","url":"https:\/\/palaucars.net\/wp-content\/uploads\/2025\/07\/alfa-romeo-giulietta-06.jpeg","contentUrl":"https:\/\/palaucars.net\/wp-content\/uploads\/2025\/07\/alfa-romeo-giulietta-06.jpeg","width":2560,"height":1707,"caption":"Alfa Romeo Giulietta siendo reparado en uno de nuestros c"},{"@type":"BreadcrumbList","@id":"https:\/\/palaucars.net\/ca\/serveis\/cursos-de-formacio-en-mecanica-de-restauracio\/#breadcrumb","itemListElement":[{"@type":"ListItem","position":1,"name":"Portada","item":"https:\/\/palaucars.net\/ca\/"},{"@type":"ListItem","position":2,"name":"Serveis","item":"https:\/\/palaucars.net\/ca\/serveis\/"},{"@type":"ListItem","position":3,"name":"Cursos de formaci\u00f3 en mec\u00e0nica de restauraci\u00f3"}]},{"@type":"WebSite","@id":"https:\/\/palaucars.net\/#website","url":"https:\/\/palaucars.net\/","name":"Palau Cars","description":"Especialistas en mantenimiento, reparaci\u00f3n y restauraci\u00f3n de veh\u00edculos cl\u00e1sicos","potentialAction":[{"@type":"SearchAction","target":{"@type":"EntryPoint","urlTemplate":"https:\/\/palaucars.net\/?s={search_term_string}"},"query-input":{"@type":"PropertyValueSpecification","valueRequired":true,"valueName":"search_term_string"}}],"inLanguage":"ca"}]}},"_links":{"self":[{"href":"https:\/\/palaucars.net\/ca\/wp-json\/wp\/v2\/pages\/2953","targetHints":{"allow":["GET"]}}],"collection":[{"href":"https:\/\/palaucars.net\/ca\/wp-json\/wp\/v2\/pages"}],"about":[{"href":"https:\/\/palaucars.net\/ca\/wp-json\/wp\/v2\/types\/page"}],"author":[{"embeddable":true,"href":"https:\/\/palaucars.net\/ca\/wp-json\/wp\/v2\/users\/1"}],"replies":[{"embeddable":true,"href":"https:\/\/palaucars.net\/ca\/wp-json\/wp\/v2\/comments?post=2953"}],"version-history":[{"count":3,"href":"https:\/\/palaucars.net\/ca\/wp-json\/wp\/v2\/pages\/2953\/revisions"}],"predecessor-version":[{"id":3006,"href":"https:\/\/palaucars.net\/ca\/wp-json\/wp\/v2\/pages\/2953\/revisions\/3006"}],"up":[{"embeddable":true,"href":"https:\/\/palaucars.net\/ca\/wp-json\/wp\/v2\/pages\/2941"}],"wp:featuredmedia":[{"embeddable":true,"href":"https:\/\/palaucars.net\/ca\/wp-json\/wp\/v2\/media\/2917"}],"wp:attachment":[{"href":"https:\/\/palaucars.net\/ca\/wp-json\/wp\/v2\/media?parent=2953"}],"curies":[{"name":"wp","href":"https:\/\/api.w.org\/{rel}","templated":true}]}}